{"id":29,"date":"2013-02-16T17:11:48","date_gmt":"2013-02-16T16:11:48","guid":{"rendered":"http:\/\/musikverein.neudhart.at\/content\/?page_id=29"},"modified":"2021-08-26T17:25:55","modified_gmt":"2021-08-26T15:25:55","slug":"kontakt","status":"publish","type":"page","link":"\/content\/kontakt\/","title":{"rendered":"Impressum"},"content":{"rendered":"<p>Musikverein Prottes<br \/>\nObmann:\u00a0<strong>Herbert Ludwig<\/strong><br \/>\nD\u00f6rfleserstrasse 26<br \/>\n2242 Prottes<br \/>\nTel.: +43 6642861950<br \/>\ne-mail: lu.<a href=\"mailto:verena.neugebauer@gmx.at\">herbert<\/a>@gmx.net<br \/>\nHomepage: <a title=\"Musikverein Prottes\" href=\"http:\/\/www.musikverein-prottes.at\">www.musikverein-prottes.at<\/a><\/p>\n<p>ZVR-Nummer: 647376682<\/p>\n<hr noshade=\"noshade\" \/>\n<p><strong>Offenlegung nach \u00a7 25 Mediengesetz:<\/strong><br \/>\nMedieninhaber und Herausgeber:<br \/>\nMusikverein Prottes<br \/>\nD\u00f6rfleserstrasse 26<br \/>\n2242 Prottes<br \/>\nObmann: Herbert Ludwig<\/p>\n<p>Grundlegende Richtung des Informationsangebots:<br \/>\nInformations- und Pr\u00e4sentationsplattform f\u00fcr den Musikverein Prottes<\/p>\n<p><b>Redaktion:<\/b><\/p>\n<hr noshade=\"noshade\" \/>\n<p><strong>Aktualit\u00e4t und Datenstand:<\/strong><br \/>\nDer Musikverein Prottes ist bem\u00fcht, s\u00e4mtliche Informationen auf dieser Homepage jederzeit aktuell und richtig darzustellen. Es kann jedoch keine Haftung oder Garantie f\u00fcr die zur Verf\u00fcgung gestellten Informationen und Daten \u00fcbernommen werden. Alle Angaben erfolgen ohne Gew\u00e4hr.<\/p>\n<p><strong>Links:<\/strong><br \/>\nInsbesondere kann f\u00fcr die Inhalte von Websites, die \u00fcber Links erreichbar sind keine Haftung \u00fcbernommen werden, da diese au\u00dferhalb des Einflussbereiches des Musikverein Prottes liegen.<\/p>\n<p><strong>Urheberrecht:<\/strong><br \/>\nDer Inhalt dieser Website ist urheberrechtlich gesch\u00fctzt und die Vervielf\u00e4ltigung oder Speicherung von Texten oder Teilen daraus sowie von Bildmaterial oder Grafiken ist untersagt. Ausgenommen davon sind nat\u00fcrlich s\u00e4mtliche Informationen, die eigens zum Zwecke des Herunterladens und der weiteren Verwendung zur Verf\u00fcgung gestellt werden (Presseunterlagen, Fotos von Veranstaltungen, etc.).<\/p>\n<p>E-Mail: webmaster (at) musikverein-prottes.at<\/p>\n","protected":false},"excerpt":{"rendered":"<p>Musikverein Prottes Obmann:\u00a0Herbert Ludwig D\u00f6rfleserstrasse 26 2242 Prottes Tel.: +43 6642861950 e-mail: lu.herbert@gmx.net Homepage: www.musikverein-prottes.at ZVR-Nummer: 647376682 Offenlegung nach \u00a7 25 Mediengesetz: Medieninhaber und Herausgeber: Musikverein Prottes D\u00f6rfleserstrasse 26 2242 Prottes Obmann: Herbert Ludwig Grundlegende Richtung des Informationsangebots: Informations- und Pr\u00e4sentationsplattform f\u00fcr den Musikverein Prottes Redaktion: Aktualit\u00e4t und Datenstand: Der Musikverein Prottes ist bem\u00fcht, s\u00e4mtliche [&hellip;]<\/p>\n","protected":false},"author":5,"featured_media":0,"parent":0,"menu_order":99,"comment_status":"open","ping_status":"open","template":"","meta":{"_et_pb_use_builder":"off","_et_pb_old_content":"Musikverein Prottes\r\nObmann:\u00a0<strong>Verena Neugebauer<\/strong>\r\nHauptstrasse\r\n2242 Prottes\r\nTel.: +43 680 3266026\r\ne-mail: <a href=\"mailto:verena.neugebauer@gmx.at\">verena.neugebauer@gmx.at<\/a>\r\nHomepage: <a title=\"Musikverein Prottes\" href=\"http:\/\/www.musikverein-prottes.at\">www.musikverein-prottes.at<\/a>\r\n\r\nZVR-Nummer: 647376682\r\n\r\n<hr noshade=\"noshade\" \/>\r\n\r\n<strong>Offenlegung nach \u00a7 25 Mediengesetz:<\/strong>\r\nMedieninhaber und Herausgeber:\r\nMusikverein Prottes\r\nHauptstrasse\r\n2242 Prottes\r\nObmannstellvertreter: Herbert Ludwig\r\n\r\nGrundlegende Richtung des Informationsangebots:\r\nInformations- und Pr\u00e4sentationsplattform f\u00fcr den Musikverein Prottes\r\n\r\n<b>Redaktion:<\/b>\r\n\r\n<hr noshade=\"noshade\" \/>\r\n\r\n<strong>Aktualit\u00e4t und Datenstand:<\/strong>\r\nDer Musikverein Prottes ist bem\u00fcht, s\u00e4mtliche Informationen auf dieser Homepage jederzeit aktuell und richtig darzustellen. Es kann jedoch keine Haftung oder Garantie f\u00fcr die zur Verf\u00fcgung gestellten Informationen und Daten \u00fcbernommen werden. Alle Angaben erfolgen ohne Gew\u00e4hr.\r\n\r\n<strong>Links:<\/strong>\r\nInsbesondere kann f\u00fcr die Inhalte von Websites, die \u00fcber Links erreichbar sind keine Haftung \u00fcbernommen werden, da diese au\u00dferhalb des Einflussbereiches des Musikverein Prottes liegen.\r\n\r\n<strong>Urheberrecht:<\/strong>\r\nDer Inhalt dieser Website ist urheberrechtlich gesch\u00fctzt und die Vervielf\u00e4ltigung oder Speicherung von Texten oder Teilen daraus sowie von Bildmaterial oder Grafiken ist untersagt. Ausgenommen davon sind nat\u00fcrlich s\u00e4mtliche Informationen, die eigens zum Zwecke des Herunterladens und der weiteren Verwendung zur Verf\u00fcgung gestellt werden (Presseunterlagen, Fotos von Veranstaltungen, etc.).\r\n\r\nE-Mail: webmaster (at) musikverein-prottes.at","_et_gb_content_width":"","footnotes":""},"class_list":["post-29","page","type-page","status-publish","hentry"],"_links":{"self":[{"href":"\/content\/wp-json\/wp\/v2\/pages\/29","targetHints":{"allow":["GET"]}}],"collection":[{"href":"\/content\/wp-json\/wp\/v2\/pages"}],"about":[{"href":"\/content\/wp-json\/wp\/v2\/types\/page"}],"author":[{"embeddable":true,"href":"\/content\/wp-json\/wp\/v2\/users\/5"}],"replies":[{"embeddable":true,"href":"\/content\/wp-json\/wp\/v2\/comments?post=29"}],"version-history":[{"count":23,"href":"\/content\/wp-json\/wp\/v2\/pages\/29\/revisions"}],"predecessor-version":[{"id":1546,"href":"\/content\/wp-json\/wp\/v2\/pages\/29\/revisions\/1546"}],"wp:attachment":[{"href":"\/content\/wp-json\/wp\/v2\/media?parent=29"}],"curies":[{"name":"wp","href":"https:\/\/api.w.org\/{rel}","templated":true}]}}